{"id":30,"date":"2019-11-11T10:57:56","date_gmt":"2019-11-11T09:57:56","guid":{"rendered":"http:\/\/stinder.net\/bsdahn\/\/?page_id=30"},"modified":"2019-11-13T08:05:14","modified_gmt":"2019-11-13T07:05:14","slug":"herzlich-willkommen","status":"publish","type":"page","link":"https:\/\/stinder.net\/bsdahn\/","title":{"rendered":"Herzlich Willkommen"},"content":{"rendered":"\n<p>auf der Webseite der Bogensch\u00fctzen Dahn 1972 e.V.<\/p>\n\n\n\n<p class=\"has-text-align-left\">auf den folgenden Seiten finden Sie Informationen rund um und \u00fcber den Verein.<\/p>\n\n\n\n<p>Wie zum Beispiel zum j\u00e4hrlichen Osterturnier.<\/p>\n\n\n<p><!--EndFragment--><\/p>\n\n<p><br>\n<!--StartFragment--><\/p>\n\n\n<p><strong>WICHTIG:<\/strong> Die Benutzung unserer Feldbogenparcours in der Pfaffend\u00f6lle ist au\u00dferhalb unseres Turniers strengstens untersagt! Eine Zuwiderhandlung gef\u00e4hrdet unser Turnier und unseren Verein, daher werden wir ggf. auch rechtliche Schritte bei Nichtbeachtung in Erw\u00e4gung ziehen!<\/p>\n\n\n\n<p>Wir bitten um Verst\u00e4ndnis!<\/p>\n\n\n\n<p><strong>J. Riehm, 1. Vorsitzender BS Dahn<\/strong><\/p>\n\n\n<p><!--EndFragment--><br \/><br \/><\/p>","protected":false},"excerpt":{"rendered":"<p>auf der Webseite der Bogensch\u00fctzen Dahn 1972 e.V. auf den folgenden Seiten finden Sie Informationen rund um und \u00fcber den Verein. Wie zum Beispiel zum j\u00e4hrlichen Osterturnier. WICHTIG: Die Benutzung unserer Feldbogenparcours in der Pfaffend\u00f6lle ist au\u00dferhalb unseres Turniers strengstens untersagt! Eine Zuwiderhandlung gef\u00e4hrdet unser Turnier und unseren Verein, daher werden wir ggf. auch rechtliche [&hellip;]<\/p>\n","protected":false},"author":1,"featured_media":77,"parent":0,"menu_order":0,"comment_status":"closed","ping_status":"closed","template":"","meta":[],"_links":{"self":[{"href":"https:\/\/stinder.net\/bsdahn\/index.php?rest_route=\/wp\/v2\/pages\/30"}],"collection":[{"href":"https:\/\/stinder.net\/bsdahn\/index.php?rest_route=\/wp\/v2\/pages"}],"about":[{"href":"https:\/\/stinder.net\/bsdahn\/index.php?rest_route=\/wp\/v2\/types\/page"}],"author":[{"embeddable":true,"href":"https:\/\/stinder.net\/bsdahn\/index.php?rest_route=\/wp\/v2\/users\/1"}],"replies":[{"embeddable":true,"href":"https:\/\/stinder.net\/bsdahn\/index.php?rest_route=%2Fwp%2Fv2%2Fcomments&post=30"}],"version-history":[{"count":3,"href":"https:\/\/stinder.net\/bsdahn\/index.php?rest_route=\/wp\/v2\/pages\/30\/revisions"}],"predecessor-version":[{"id":163,"href":"https:\/\/stinder.net\/bsdahn\/index.php?rest_route=\/wp\/v2\/pages\/30\/revisions\/163"}],"wp:featuredmedia":[{"embeddable":true,"href":"https:\/\/stinder.net\/bsdahn\/index.php?rest_route=\/wp\/v2\/media\/77"}],"wp:attachment":[{"href":"https:\/\/stinder.net\/bsdahn\/index.php?rest_route=%2Fwp%2Fv2%2Fmedia&parent=30"}],"curies":[{"name":"wp","href":"https:\/\/api.w.org\/{rel}","templated":true}]}}